{"id":26,"date":"2021-04-10T14:12:31","date_gmt":"2021-04-10T13:12:31","guid":{"rendered":"http:\/\/borgbm.dk\/?page_id=26"},"modified":"2024-02-28T18:29:42","modified_gmt":"2024-02-28T17:29:42","slug":"borg-booking","status":"publish","type":"page","link":"https:\/\/borgbm.dk\/","title":{"rendered":"Borg Booking"},"content":{"rendered":"\n<h1 class=\"wp-block-heading has-black-color has-text-color\"><strong>Livemusik og underholdning i s\u00e6rklasse!<\/strong><\/h1>\n\n\n\n<p class=\"has-black-color has-text-color\"><strong>Hos Borg Booking finder du de absolut bedste artister, bands og dj&#8217;s til dit arrangement! Vi leverer underholdning i s\u00e6rklasse!<\/strong><\/p>\n\n\n\n<p class=\"has-black-color has-text-color\">Borg Booking blev etableret i 2021. <\/p>\n\n\n\n<p class=\"has-black-color has-text-color\">Bookingteamet best\u00e5r af Thomas Borg og Karsten Storm, som vil g\u00f8re alt hvad de kan for at jeres arrangement bliver en succes. <\/p>\n\n\n\n<p class=\"has-black-color has-text-color\">Vi er leveringsdygtige i alle former for underholdning \u2013 alt lige fra kendte danske rockbands til de bedste danske partyorkestre,  solister og diverse shows. Vi kan ogs\u00e5 levere scene, lyd og lysproduktioner m.m.<\/p>\n\n\n\n<p class=\"has-black-color has-text-color\">Bureauet repr\u00e6senterer en del kendte danske kunstnere, og har ligeledes adgang til kunstnere fra det store udland.<\/p>\n\n\n\n<p class=\"has-black-color has-text-color\">Vi samarbejder med nogle af de st\u00f8rste bookingbureauer i Danmark.<\/p>\n\n\n\n<p class=\"has-black-color has-text-color\">Vi gl\u00e6der os til samarbejdet!<\/p>\n","protected":false},"excerpt":{"rendered":"<p>Livemusik og underholdning i s\u00e6rklasse! Hos Borg Booking finder du de absolut bedste artister, bands og dj&#8217;s til dit arrangement! Vi leverer underholdning i s\u00e6rklasse! Borg Booking blev etableret i 2021. Bookingteamet best\u00e5r af Thomas Borg og Karsten Storm, som vil g\u00f8re alt hvad de kan for at jeres arrangement&#8230;<\/p>\n","protected":false},"author":1,"featured_media":0,"parent":0,"menu_order":0,"comment_status":"closed","ping_status":"closed","template":"","meta":{"two_page_speed":{"current_score":{"desktop_score":100,"desktop_tti":"0.6\u00a0","mobile_score":91,"mobile_tti":"1.8\u00a0","date":"28.02.2024 06:30:04 pm","status":"completed"},"previous_score":{"desktop_score":95,"desktop_tti":"1.0\u00a0","mobile_score":50,"mobile_tti":"12.6\u00a0","date":"18.10.2023 07:03:58 pm","status":"completed"}},"footnotes":""},"class_list":["post-26","page","type-page","status-publish","hentry"],"yoast_head":"<!-- This site is optimized with the Yoast SEO plugin v27.5 - https:\/\/yoast.com\/product\/yoast-seo-wordpress\/ -->\n<title>Borg Booking - Borg Booking<\/title>\n<meta name=\"description\" content=\"Borg Booking betyder de absolut bedste artister, bands og dj&#039;s til dit arrangement! Vi leverer underholdning i s\u00e6rklasse!\" \/>\n<meta name=\"robots\" content=\"index, follow, max-snippet:-1, max-image-preview:large, max-video-preview:-1\" \/>\n<link rel=\"canonical\" href=\"https:\/\/borgbm.dk\/\" \/>\n<meta property=\"og:locale\" content=\"da_DK\" \/>\n<meta property=\"og:type\" content=\"article\" \/>\n<meta property=\"og:title\" content=\"Borg Booking - Borg Booking\" \/>\n<meta property=\"og:description\" content=\"Borg Booking betyder de absolut bedste artister, bands og dj&#039;s til dit arrangement! Vi leverer underholdning i s\u00e6rklasse!\" \/>\n<meta property=\"og:url\" content=\"https:\/\/borgbm.dk\/\" \/>\n<meta property=\"og:site_name\" content=\"Borg Booking\" \/>\n<meta property=\"article:publisher\" content=\"https:\/\/www.facebook.com\/people\/Borg-Booking-Management\/100063290682472\/\" \/>\n<meta property=\"article:modified_time\" content=\"2024-02-28T17:29:42+00:00\" \/>\n<meta name=\"twitter:card\" content=\"summary_large_image\" \/>\n<meta name=\"twitter:label1\" content=\"Estimeret l\u00e6setid\" \/>\n\t<meta name=\"twitter:data1\" content=\"1 minut\" \/>\n<script type=\"application\/ld+json\" class=\"yoast-schema-graph\">{\"@context\":\"https:\\\/\\\/schema.org\",\"@graph\":[{\"@type\":\"WebPage\",\"@id\":\"https:\\\/\\\/borgbm.dk\\\/\",\"url\":\"https:\\\/\\\/borgbm.dk\\\/\",\"name\":\"Borg Booking - Borg Booking\",\"isPartOf\":{\"@id\":\"https:\\\/\\\/borgbm.dk\\\/#website\"},\"datePublished\":\"2021-04-10T13:12:31+00:00\",\"dateModified\":\"2024-02-28T17:29:42+00:00\",\"description\":\"Borg Booking betyder de absolut bedste artister, bands og dj's til dit arrangement! Vi leverer underholdning i s\u00e6rklasse!\",\"breadcrumb\":{\"@id\":\"https:\\\/\\\/borgbm.dk\\\/#breadcrumb\"},\"inLanguage\":\"da-DK\",\"potentialAction\":[{\"@type\":\"ReadAction\",\"target\":[\"https:\\\/\\\/borgbm.dk\\\/\"]}]},{\"@type\":\"BreadcrumbList\",\"@id\":\"https:\\\/\\\/borgbm.dk\\\/#breadcrumb\",\"itemListElement\":[{\"@type\":\"ListItem\",\"position\":1,\"name\":\"Hjem\",\"item\":\"https:\\\/\\\/borgbm.dk\\\/\"},{\"@type\":\"ListItem\",\"position\":2,\"name\":\"Borg Booking\"}]},{\"@type\":\"WebSite\",\"@id\":\"https:\\\/\\\/borgbm.dk\\\/#website\",\"url\":\"https:\\\/\\\/borgbm.dk\\\/\",\"name\":\"Borg Booking\",\"description\":\"Booking af underholdning, livemusik, konferencier, solister og dj&#039;s\",\"publisher\":{\"@id\":\"https:\\\/\\\/borgbm.dk\\\/#organization\"},\"potentialAction\":[{\"@type\":\"SearchAction\",\"target\":{\"@type\":\"EntryPoint\",\"urlTemplate\":\"https:\\\/\\\/borgbm.dk\\\/?s={search_term_string}\"},\"query-input\":{\"@type\":\"PropertyValueSpecification\",\"valueRequired\":true,\"valueName\":\"search_term_string\"}}],\"inLanguage\":\"da-DK\"},{\"@type\":\"Organization\",\"@id\":\"https:\\\/\\\/borgbm.dk\\\/#organization\",\"name\":\"Borg Booking and Management\",\"url\":\"https:\\\/\\\/borgbm.dk\\\/\",\"logo\":{\"@type\":\"ImageObject\",\"inLanguage\":\"da-DK\",\"@id\":\"https:\\\/\\\/borgbm.dk\\\/#\\\/schema\\\/logo\\\/image\\\/\",\"url\":\"https:\\\/\\\/borgbm.dk\\\/wp-content\\\/uploads\\\/2023\\\/10\\\/cropped-BBMM_LOGO_SCREEN-e1697634455316.png\",\"contentUrl\":\"https:\\\/\\\/borgbm.dk\\\/wp-content\\\/uploads\\\/2023\\\/10\\\/cropped-BBMM_LOGO_SCREEN-e1697634455316.png\",\"width\":401,\"height\":110,\"caption\":\"Borg Booking and Management\"},\"image\":{\"@id\":\"https:\\\/\\\/borgbm.dk\\\/#\\\/schema\\\/logo\\\/image\\\/\"},\"sameAs\":[\"https:\\\/\\\/www.facebook.com\\\/people\\\/Borg-Booking-Management\\\/100063290682472\\\/\"]}]}<\/script>\n<!-- \/ Yoast SEO plugin. -->","yoast_head_json":{"title":"Borg Booking - Borg Booking","description":"Borg Booking betyder de absolut bedste artister, bands og dj's til dit arrangement! Vi leverer underholdning i s\u00e6rklasse!","robots":{"index":"index","follow":"follow","max-snippet":"max-snippet:-1","max-image-preview":"max-image-preview:large","max-video-preview":"max-video-preview:-1"},"canonical":"https:\/\/borgbm.dk\/","og_locale":"da_DK","og_type":"article","og_title":"Borg Booking - Borg Booking","og_description":"Borg Booking betyder de absolut bedste artister, bands og dj's til dit arrangement! Vi leverer underholdning i s\u00e6rklasse!","og_url":"https:\/\/borgbm.dk\/","og_site_name":"Borg Booking","article_publisher":"https:\/\/www.facebook.com\/people\/Borg-Booking-Management\/100063290682472\/","article_modified_time":"2024-02-28T17:29:42+00:00","twitter_card":"summary_large_image","twitter_misc":{"Estimeret l\u00e6setid":"1 minut"},"schema":{"@context":"https:\/\/schema.org","@graph":[{"@type":"WebPage","@id":"https:\/\/borgbm.dk\/","url":"https:\/\/borgbm.dk\/","name":"Borg Booking - Borg Booking","isPartOf":{"@id":"https:\/\/borgbm.dk\/#website"},"datePublished":"2021-04-10T13:12:31+00:00","dateModified":"2024-02-28T17:29:42+00:00","description":"Borg Booking betyder de absolut bedste artister, bands og dj's til dit arrangement! Vi leverer underholdning i s\u00e6rklasse!","breadcrumb":{"@id":"https:\/\/borgbm.dk\/#breadcrumb"},"inLanguage":"da-DK","potentialAction":[{"@type":"ReadAction","target":["https:\/\/borgbm.dk\/"]}]},{"@type":"BreadcrumbList","@id":"https:\/\/borgbm.dk\/#breadcrumb","itemListElement":[{"@type":"ListItem","position":1,"name":"Hjem","item":"https:\/\/borgbm.dk\/"},{"@type":"ListItem","position":2,"name":"Borg Booking"}]},{"@type":"WebSite","@id":"https:\/\/borgbm.dk\/#website","url":"https:\/\/borgbm.dk\/","name":"Borg Booking","description":"Booking af underholdning, livemusik, konferencier, solister og dj&#039;s","publisher":{"@id":"https:\/\/borgbm.dk\/#organization"},"potentialAction":[{"@type":"SearchAction","target":{"@type":"EntryPoint","urlTemplate":"https:\/\/borgbm.dk\/?s={search_term_string}"},"query-input":{"@type":"PropertyValueSpecification","valueRequired":true,"valueName":"search_term_string"}}],"inLanguage":"da-DK"},{"@type":"Organization","@id":"https:\/\/borgbm.dk\/#organization","name":"Borg Booking and Management","url":"https:\/\/borgbm.dk\/","logo":{"@type":"ImageObject","inLanguage":"da-DK","@id":"https:\/\/borgbm.dk\/#\/schema\/logo\/image\/","url":"https:\/\/borgbm.dk\/wp-content\/uploads\/2023\/10\/cropped-BBMM_LOGO_SCREEN-e1697634455316.png","contentUrl":"https:\/\/borgbm.dk\/wp-content\/uploads\/2023\/10\/cropped-BBMM_LOGO_SCREEN-e1697634455316.png","width":401,"height":110,"caption":"Borg Booking and Management"},"image":{"@id":"https:\/\/borgbm.dk\/#\/schema\/logo\/image\/"},"sameAs":["https:\/\/www.facebook.com\/people\/Borg-Booking-Management\/100063290682472\/"]}]}},"_links":{"self":[{"href":"https:\/\/borgbm.dk\/index.php\/wp-json\/wp\/v2\/pages\/26","targetHints":{"allow":["GET"]}}],"collection":[{"href":"https:\/\/borgbm.dk\/index.php\/wp-json\/wp\/v2\/pages"}],"about":[{"href":"https:\/\/borgbm.dk\/index.php\/wp-json\/wp\/v2\/types\/page"}],"author":[{"embeddable":true,"href":"https:\/\/borgbm.dk\/index.php\/wp-json\/wp\/v2\/users\/1"}],"replies":[{"embeddable":true,"href":"https:\/\/borgbm.dk\/index.php\/wp-json\/wp\/v2\/comments?post=26"}],"version-history":[{"count":53,"href":"https:\/\/borgbm.dk\/index.php\/wp-json\/wp\/v2\/pages\/26\/revisions"}],"predecessor-version":[{"id":1473,"href":"https:\/\/borgbm.dk\/index.php\/wp-json\/wp\/v2\/pages\/26\/revisions\/1473"}],"wp:attachment":[{"href":"https:\/\/borgbm.dk\/index.php\/wp-json\/wp\/v2\/media?parent=26"}],"curies":[{"name":"wp","href":"https:\/\/api.w.org\/{rel}","templated":true}]}}